{"id":641,"date":"2019-10-04T12:09:41","date_gmt":"2019-10-04T10:09:41","guid":{"rendered":"https:\/\/bornholm.danmarksveteraner.dk\/wordpress\/?page_id=641"},"modified":"2019-10-04T12:12:02","modified_gmt":"2019-10-04T10:12:02","slug":"50-aars-jubilaeum","status":"publish","type":"page","link":"https:\/\/bornholm.danmarksveteraner.dk\/wordpress\/?page_id=641","title":{"rendered":"50 \u00e5rs Jubil\u00e6um."},"content":{"rendered":"\n<p>Lokalforening Bornholm havde den 3 oktober 50 \u00e5rs jubil\u00e6um, som blev markeret p\u00e5 Almeg\u00e5rds kaserne med efterf\u00f8lgende reception.<\/p>\n\n\n\n<figure class=\"wp-block-image\"><img loading=\"lazy\" decoding=\"async\" width=\"1024\" height=\"683\" src=\"https:\/\/bornholm.danmarksveteraner.dk\/wordpress\/wp-content\/uploads\/2019\/10\/1D3A3546-1024x683.jpg\" alt=\"\" class=\"wp-image-643\" srcset=\"https:\/\/bornholm.danmarksveteraner.dk\/wordpress\/wp-content\/uploads\/2019\/10\/1D3A3546-1024x683.jpg 1024w, https:\/\/bornholm.danmarksveteraner.dk\/wordpress\/wp-content\/uploads\/2019\/10\/1D3A3546-300x200.jpg 300w, https:\/\/bornholm.danmarksveteraner.dk\/wordpress\/wp-content\/uploads\/2019\/10\/1D3A3546-768x512.jpg 768w\" sizes=\"(max-width: 1024px) 100vw, 1024px\" \/><\/figure>\n\n\n\n<figure class=\"wp-block-image\"><img loading=\"lazy\" decoding=\"async\" width=\"1024\" height=\"683\" src=\"https:\/\/bornholm.danmarksveteraner.dk\/wordpress\/wp-content\/uploads\/2019\/10\/1D3A3545-1024x683.jpg\" alt=\"\" class=\"wp-image-644\" srcset=\"https:\/\/bornholm.danmarksveteraner.dk\/wordpress\/wp-content\/uploads\/2019\/10\/1D3A3545-1024x683.jpg 1024w, https:\/\/bornholm.danmarksveteraner.dk\/wordpress\/wp-content\/uploads\/2019\/10\/1D3A3545-300x200.jpg 300w, https:\/\/bornholm.danmarksveteraner.dk\/wordpress\/wp-content\/uploads\/2019\/10\/1D3A3545-768x512.jpg 768w\" sizes=\"(max-width: 1024px) 100vw, 1024px\" \/><\/figure>\n\n\n\n<figure class=\"wp-block-image\"><img loading=\"lazy\" decoding=\"async\" width=\"1024\" height=\"683\" src=\"https:\/\/bornholm.danmarksveteraner.dk\/wordpress\/wp-content\/uploads\/2019\/10\/1D3A3572-1024x683.jpg\" alt=\"\" class=\"wp-image-631\"\/><\/figure>\n\n\n\n<figure class=\"wp-block-image\"><img loading=\"lazy\" decoding=\"async\" width=\"1024\" height=\"683\" src=\"https:\/\/bornholm.danmarksveteraner.dk\/wordpress\/wp-content\/uploads\/2019\/10\/1D3A3601-1024x683.jpg\" alt=\"\" class=\"wp-image-635\"\/><\/figure>\n\n\n\n<figure class=\"wp-block-image\"><img loading=\"lazy\" decoding=\"async\" width=\"1024\" height=\"683\" src=\"https:\/\/bornholm.danmarksveteraner.dk\/wordpress\/wp-content\/uploads\/2019\/10\/1D3A3582-1024x683.jpg\" alt=\"\" class=\"wp-image-633\"\/><\/figure>\n\n\n\n<figure class=\"wp-block-image\"><img loading=\"lazy\" decoding=\"async\" width=\"1024\" height=\"683\" src=\"https:\/\/bornholm.danmarksveteraner.dk\/wordpress\/wp-content\/uploads\/2019\/10\/1D3A3613-1024x683.jpg\" alt=\"\" class=\"wp-image-637\" srcset=\"https:\/\/bornholm.danmarksveteraner.dk\/wordpress\/wp-content\/uploads\/2019\/10\/1D3A3613-1024x683.jpg 1024w, https:\/\/bornholm.danmarksveteraner.dk\/wordpress\/wp-content\/uploads\/2019\/10\/1D3A3613-300x200.jpg 300w, https:\/\/bornholm.danmarksveteraner.dk\/wordpress\/wp-content\/uploads\/2019\/10\/1D3A3613-768x512.jpg 768w\" sizes=\"(max-width: 1024px) 100vw, 1024px\" \/><\/figure>\n\n\n\n<figure class=\"wp-block-image\"><img loading=\"lazy\" decoding=\"async\" width=\"1024\" height=\"683\" src=\"https:\/\/bornholm.danmarksveteraner.dk\/wordpress\/wp-content\/uploads\/2019\/10\/1D3A3631-1024x683.jpg\" alt=\"\" class=\"wp-image-639\" srcset=\"https:\/\/bornholm.danmarksveteraner.dk\/wordpress\/wp-content\/uploads\/2019\/10\/1D3A3631-1024x683.jpg 1024w, https:\/\/bornholm.danmarksveteraner.dk\/wordpress\/wp-content\/uploads\/2019\/10\/1D3A3631-300x200.jpg 300w, https:\/\/bornholm.danmarksveteraner.dk\/wordpress\/wp-content\/uploads\/2019\/10\/1D3A3631-768x512.jpg 768w\" sizes=\"(max-width: 1024px) 100vw, 1024px\" \/><\/figure>\n\n\n\n<figure class=\"wp-block-image\"><img loading=\"lazy\" decoding=\"async\" width=\"1024\" height=\"683\" src=\"https:\/\/bornholm.danmarksveteraner.dk\/wordpress\/wp-content\/uploads\/2019\/10\/1D3A3640-1024x683.jpg\" alt=\"\" class=\"wp-image-640\" srcset=\"https:\/\/bornholm.danmarksveteraner.dk\/wordpress\/wp-content\/uploads\/2019\/10\/1D3A3640-1024x683.jpg 1024w, https:\/\/bornholm.danmarksveteraner.dk\/wordpress\/wp-content\/uploads\/2019\/10\/1D3A3640-300x200.jpg 300w, https:\/\/bornholm.danmarksveteraner.dk\/wordpress\/wp-content\/uploads\/2019\/10\/1D3A3640-768x512.jpg 768w\" sizes=\"(max-width: 1024px) 100vw, 1024px\" \/><\/figure>\n\n\n\n<figure class=\"wp-block-image\"><img loading=\"lazy\" decoding=\"async\" width=\"1024\" height=\"683\" src=\"https:\/\/bornholm.danmarksveteraner.dk\/wordpress\/wp-content\/uploads\/2019\/10\/1D3A3625-1024x683.jpg\" alt=\"\" class=\"wp-image-638\" srcset=\"https:\/\/bornholm.danmarksveteraner.dk\/wordpress\/wp-content\/uploads\/2019\/10\/1D3A3625-1024x683.jpg 1024w, https:\/\/bornholm.danmarksveteraner.dk\/wordpress\/wp-content\/uploads\/2019\/10\/1D3A3625-300x200.jpg 300w, https:\/\/bornholm.danmarksveteraner.dk\/wordpress\/wp-content\/uploads\/2019\/10\/1D3A3625-768x512.jpg 768w\" sizes=\"(max-width: 1024px) 100vw, 1024px\" \/><\/figure>\n","protected":false},"excerpt":{"rendered":"<p>Lokalforening Bornholm havde den 3 oktober 50 \u00e5rs jubil\u00e6um, som blev markeret p\u00e5 Almeg\u00e5rds kaserne med efterf\u00f8lgende reception.<\/p>\n","protected":false},"author":6,"featured_media":0,"parent":312,"menu_order":0,"comment_status":"closed","ping_status":"closed","template":"","meta":{"footnotes":""},"_links":{"self":[{"href":"https:\/\/bornholm.danmarksveteraner.dk\/wordpress\/index.php?rest_route=\/wp\/v2\/pages\/641"}],"collection":[{"href":"https:\/\/bornholm.danmarksveteraner.dk\/wordpress\/index.php?rest_route=\/wp\/v2\/pages"}],"about":[{"href":"https:\/\/bornholm.danmarksveteraner.dk\/wordpress\/index.php?rest_route=\/wp\/v2\/types\/page"}],"author":[{"embeddable":true,"href":"https:\/\/bornholm.danmarksveteraner.dk\/wordpress\/index.php?rest_route=\/wp\/v2\/users\/6"}],"replies":[{"embeddable":true,"href":"https:\/\/bornholm.danmarksveteraner.dk\/wordpress\/index.php?rest_route=%2Fwp%2Fv2%2Fcomments&post=641"}],"version-history":[{"count":2,"href":"https:\/\/bornholm.danmarksveteraner.dk\/wordpress\/index.php?rest_route=\/wp\/v2\/pages\/641\/revisions"}],"predecessor-version":[{"id":646,"href":"https:\/\/bornholm.danmarksveteraner.dk\/wordpress\/index.php?rest_route=\/wp\/v2\/pages\/641\/revisions\/646"}],"up":[{"embeddable":true,"href":"https:\/\/bornholm.danmarksveteraner.dk\/wordpress\/index.php?rest_route=\/wp\/v2\/pages\/312"}],"wp:attachment":[{"href":"https:\/\/bornholm.danmarksveteraner.dk\/wordpress\/index.php?rest_route=%2Fwp%2Fv2%2Fmedia&parent=641"}],"curies":[{"name":"wp","href":"https:\/\/api.w.org\/{rel}","templated":true}]}}